{"id":158,"date":"2021-10-26T13:18:05","date_gmt":"2021-10-26T11:18:05","guid":{"rendered":"https:\/\/www.volker-krause-kg.de\/online\/?page_id=158"},"modified":"2022-01-29T10:23:23","modified_gmt":"2022-01-29T09:23:23","slug":"leistungen","status":"publish","type":"page","link":"https:\/\/www.volker-krause-kg.de\/online\/leistungen\/","title":{"rendered":"Leistungen"},"content":{"rendered":"<p>[vc_row css=&#8221;.vc_custom_1635240900233{border-bottom-width: 30px !important;}&#8221;][vc_column]<div id=\"ultimate-heading-190869f22ad58fb15\" class=\"uvc-heading ult-adjust-bottom-margin ultimate-heading-190869f22ad58fb15 uvc-2562 \" data-hspacer=\"no_spacer\"  data-halign=\"center\" style=\"text-align:center\"><div class=\"uvc-heading-spacer no_spacer\" style=\"top\"><\/div><div class=\"uvc-main-heading ult-responsive\"  data-ultimate-target='.uvc-heading.ultimate-heading-190869f22ad58fb15 h2'  data-responsive-json-new='{\"font-size\":\"\",\"line-height\":\"\"}' ><h2 style=\"font-weight:normal;\">Leistungen im \u00dcberblick<\/h2><\/div><\/div>[\/vc_column][\/vc_row][vc_row][vc_column width=&#8221;1\/2&#8243;]<div id=\"ultimate-heading-258869f22ad58fb4b\" class=\"uvc-heading ult-adjust-bottom-margin ultimate-heading-258869f22ad58fb4b uvc-1250 \" data-hspacer=\"no_spacer\"  data-halign=\"center\" style=\"text-align:center\"><div class=\"uvc-heading-spacer no_spacer\" style=\"top\"><\/div><div class=\"uvc-main-heading ult-responsive\"  data-ultimate-target='.uvc-heading.ultimate-heading-258869f22ad58fb4b h2'  data-responsive-json-new='{\"font-size\":\"desktop:15px;\",\"line-height\":\"\"}' ><h2 style=\"font-weight:normal;\">Im Rahmen der<\/h2><\/div><div class=\"uvc-sub-heading ult-responsive\"  data-ultimate-target='.uvc-heading.ultimate-heading-258869f22ad58fb4b .uvc-sub-heading '  data-responsive-json-new='{\"font-size\":\"desktop:25px;\",\"line-height\":\"\"}'  style=\"font-family:&#039;Alata&#039;;font-weight:normal;color:#5d91bf;\">KRANKENVERSICHERUNG<\/div><\/div>[vc_separator color=&#8221;green&#8221; border_width=&#8221;2&#8243;][vc_column_text]leisten wir alle Ma\u00dfnahmen der Behandlungspflege, die vom Hausarzt im h\u00e4uslichen Umfeld verordnet werden:[\/vc_column_text]<div class=\"uavc-list-icon uavc-list-icon-wrapper ult-adjust-bottom-margin   \"><ul class=\"uavc-list\"><li><div class=\"uavc-list-content\" id=\"list-icon-wrap-5154\">\n<div class=\"uavc-list-icon  \" data-animation=\"\" data-animation-delay=\"03\" style=\"margin-right:10px;\"><div class=\"ult-just-icon-wrapper  \"><div class=\"align-icon\" style=\"text-align:center;\">\n<div class=\"aio-icon square \"  style=\"color:#81d742;background:#ffffff;font-size:20px;display:inline-block;\">\n\t<i class=\"Defaults-arrow-right\"><\/i>\n<\/div><\/div><\/div>\n<\/div><span  data-ultimate-target='#list-icon-wrap-5154 .uavc-list-desc'  data-responsive-json-new='{\"font-size\":\"\",\"line-height\":\"\"}'  class=\"uavc-list-desc ult-responsive\" style=\"\">An- und Ausziehen von Kompressionsstr\u00fcmpfen<\/span><\/div><\/li><li><div class=\"uavc-list-content\" id=\"list-icon-wrap-2195\">\n<div class=\"uavc-list-icon  \" data-animation=\"\" data-animation-delay=\"03\" style=\"margin-right:10px;\"><div class=\"ult-just-icon-wrapper  \"><div class=\"align-icon\" style=\"text-align:center;\">\n<div class=\"aio-icon square \"  style=\"color:#81d742;background:#ffffff;font-size:20px;display:inline-block;\">\n\t<i class=\"Defaults-arrow-right\"><\/i>\n<\/div><\/div><\/div>\n<\/div><span  data-ultimate-target='#list-icon-wrap-2195 .uavc-list-desc'  data-responsive-json-new='{\"font-size\":\"\",\"line-height\":\"\"}'  class=\"uavc-list-desc ult-responsive\" style=\"\">Blutzucker-\/Blutdruckmessung<\/span><\/div><\/li><li><div class=\"uavc-list-content\" id=\"list-icon-wrap-5815\">\n<div class=\"uavc-list-icon  \" data-animation=\"\" data-animation-delay=\"03\" style=\"margin-right:10px;\"><div class=\"ult-just-icon-wrapper  \"><div class=\"align-icon\" style=\"text-align:center;\">\n<div class=\"aio-icon square \"  style=\"color:#81d742;background:#ffffff;font-size:20px;display:inline-block;\">\n\t<i class=\"Defaults-arrow-right\"><\/i>\n<\/div><\/div><\/div>\n<\/div><span  data-ultimate-target='#list-icon-wrap-5815 .uavc-list-desc'  data-responsive-json-new='{\"font-size\":\"\",\"line-height\":\"\"}'  class=\"uavc-list-desc ult-responsive\" style=\"\">Enterale und parenterale Ern\u00e4hrung<\/span><\/div><\/li><li><div class=\"uavc-list-content\" id=\"list-icon-wrap-8736\">\n<div class=\"uavc-list-icon  \" data-animation=\"\" data-animation-delay=\"03\" style=\"margin-right:10px;\"><div class=\"ult-just-icon-wrapper  \"><div class=\"align-icon\" style=\"text-align:center;\">\n<div class=\"aio-icon square \"  style=\"color:#81d742;background:#ffffff;font-size:20px;display:inline-block;\">\n\t<i class=\"Defaults-arrow-right\"><\/i>\n<\/div><\/div><\/div>\n<\/div><span  data-ultimate-target='#list-icon-wrap-8736 .uavc-list-desc'  data-responsive-json-new='{\"font-size\":\"\",\"line-height\":\"\"}'  class=\"uavc-list-desc ult-responsive\" style=\"\">Infusions- und Schmerztherapie<\/span><\/div><\/li><li><div class=\"uavc-list-content\" id=\"list-icon-wrap-9461\">\n<div class=\"uavc-list-icon  \" data-animation=\"\" data-animation-delay=\"03\" style=\"margin-right:10px;\"><div class=\"ult-just-icon-wrapper  \"><div class=\"align-icon\" style=\"text-align:center;\">\n<div class=\"aio-icon square \"  style=\"color:#81d742;background:#ffffff;font-size:20px;display:inline-block;\">\n\t<i class=\"Defaults-arrow-right\"><\/i>\n<\/div><\/div><\/div>\n<\/div><span  data-ultimate-target='#list-icon-wrap-9461 .uavc-list-desc'  data-responsive-json-new='{\"font-size\":\"\",\"line-height\":\"\"}'  class=\"uavc-list-desc ult-responsive\" style=\"\">Injektionen und Medikamentengabe<\/span><\/div><\/li><li><div class=\"uavc-list-content\" id=\"list-icon-wrap-8411\">\n<div class=\"uavc-list-icon  \" data-animation=\"\" data-animation-delay=\"03\" style=\"margin-right:10px;\"><div class=\"ult-just-icon-wrapper  \"><div class=\"align-icon\" style=\"text-align:center;\">\n<div class=\"aio-icon square \"  style=\"color:#81d742;background:#ffffff;font-size:20px;display:inline-block;\">\n\t<i class=\"Defaults-arrow-right\"><\/i>\n<\/div><\/div><\/div>\n<\/div><span  data-ultimate-target='#list-icon-wrap-8411 .uavc-list-desc'  data-responsive-json-new='{\"font-size\":\"\",\"line-height\":\"\"}'  class=\"uavc-list-desc ult-responsive\" style=\"\">Kompressionsverb\u00e4nde<\/span><\/div><\/li><li><div class=\"uavc-list-content\" id=\"list-icon-wrap-1473\">\n<div class=\"uavc-list-icon  \" data-animation=\"\" data-animation-delay=\"03\" style=\"margin-right:10px;\"><div class=\"ult-just-icon-wrapper  \"><div class=\"align-icon\" style=\"text-align:center;\">\n<div class=\"aio-icon square \"  style=\"color:#81d742;background:#ffffff;font-size:20px;display:inline-block;\">\n\t<i class=\"Defaults-arrow-right\"><\/i>\n<\/div><\/div><\/div>\n<\/div><span  data-ultimate-target='#list-icon-wrap-1473 .uavc-list-desc'  data-responsive-json-new='{\"font-size\":\"\",\"line-height\":\"\"}'  class=\"uavc-list-desc ult-responsive\" style=\"\">Medizinische Einreibung<\/span><\/div><\/li><li><div class=\"uavc-list-content\" id=\"list-icon-wrap-5610\">\n<div class=\"uavc-list-icon  \" data-animation=\"\" data-animation-delay=\"03\" style=\"margin-right:10px;\"><div class=\"ult-just-icon-wrapper  \"><div class=\"align-icon\" style=\"text-align:center;\">\n<div class=\"aio-icon square \"  style=\"color:#81d742;background:#ffffff;font-size:20px;display:inline-block;\">\n\t<i class=\"Defaults-arrow-right\"><\/i>\n<\/div><\/div><\/div>\n<\/div><span  data-ultimate-target='#list-icon-wrap-5610 .uavc-list-desc'  data-responsive-json-new='{\"font-size\":\"\",\"line-height\":\"\"}'  class=\"uavc-list-desc ult-responsive\" style=\"\">Stomaversorgung<\/span><\/div><\/li><li><div class=\"uavc-list-content\" id=\"list-icon-wrap-1256\">\n<div class=\"uavc-list-icon  \" data-animation=\"\" data-animation-delay=\"03\" style=\"margin-right:10px;\"><div class=\"ult-just-icon-wrapper  \"><div class=\"align-icon\" style=\"text-align:center;\">\n<div class=\"aio-icon square \"  style=\"color:#81d742;background:#ffffff;font-size:20px;display:inline-block;\">\n\t<i class=\"Defaults-arrow-right\"><\/i>\n<\/div><\/div><\/div>\n<\/div><span  data-ultimate-target='#list-icon-wrap-1256 .uavc-list-desc'  data-responsive-json-new='{\"font-size\":\"\",\"line-height\":\"\"}'  class=\"uavc-list-desc ult-responsive\" style=\"\">Portversorgung<\/span><\/div><\/li><li><div class=\"uavc-list-content\" id=\"list-icon-wrap-9903\">\n<div class=\"uavc-list-icon  \" data-animation=\"\" data-animation-delay=\"03\" style=\"margin-right:10px;\"><div class=\"ult-just-icon-wrapper  \"><div class=\"align-icon\" style=\"text-align:center;\">\n<div class=\"aio-icon square \"  style=\"color:#81d742;background:#ffffff;font-size:20px;display:inline-block;\">\n\t<i class=\"Defaults-arrow-right\"><\/i>\n<\/div><\/div><\/div>\n<\/div><span  data-ultimate-target='#list-icon-wrap-9903 .uavc-list-desc'  data-responsive-json-new='{\"font-size\":\"\",\"line-height\":\"\"}'  class=\"uavc-list-desc ult-responsive\" style=\"\">Wundverb\u00e4nde<\/span><\/div><\/li><li><div class=\"uavc-list-content\" id=\"list-icon-wrap-7125\">\n<div class=\"uavc-list-icon  \" data-animation=\"\" data-animation-delay=\"03\" style=\"margin-right:10px;\"><div class=\"ult-just-icon-wrapper  \"><div class=\"align-icon\" style=\"text-align:center;\">\n<div class=\"aio-icon square \"  style=\"color:#81d742;background:#ffffff;font-size:20px;display:inline-block;\">\n\t<i class=\"Defaults-arrow-right\"><\/i>\n<\/div><\/div><\/div>\n<\/div><span  data-ultimate-target='#list-icon-wrap-7125 .uavc-list-desc'  data-responsive-json-new='{\"font-size\":\"\",\"line-height\":\"\"}'  class=\"uavc-list-desc ult-responsive\" style=\"\">und vieles mehr&#8230;<\/span><\/div><\/li><\/ul><\/div><div id=\"ultimate-heading-781769f22ad5901f8\" class=\"uvc-heading ult-adjust-bottom-margin ultimate-heading-781769f22ad5901f8 uvc-8557 \" data-hspacer=\"no_spacer\"  data-halign=\"center\" style=\"text-align:center\"><div class=\"uvc-heading-spacer no_spacer\" style=\"top\"><\/div><div class=\"uvc-sub-heading ult-responsive\"  data-ultimate-target='.uvc-heading.ultimate-heading-781769f22ad5901f8 .uvc-sub-heading '  data-responsive-json-new='{\"font-size\":\"desktop:25px;\",\"line-height\":\"\"}'  style=\"font-family:&#039;Alata&#039;;font-weight:normal;color:#5d91bf;\">SPEZIALISIERUNGEN<\/div><\/div>[vc_separator color=&#8221;green&#8221; border_width=&#8221;2&#8243;]<div class=\"uavc-list-icon uavc-list-icon-wrapper ult-adjust-bottom-margin   \"><ul class=\"uavc-list\"><li><div class=\"uavc-list-content\" id=\"list-icon-wrap-8432\">\n<div class=\"uavc-list-icon  \" data-animation=\"\" data-animation-delay=\"03\" style=\"margin-right:10px;\"><div class=\"ult-just-icon-wrapper  \"><div class=\"align-icon\" style=\"text-align:center;\">\n<div class=\"aio-icon square \"  style=\"color:#81d742;background:#ffffff;font-size:20px;display:inline-block;\">\n\t<i class=\"Defaults-arrow-right\"><\/i>\n<\/div><\/div><\/div>\n<\/div><span  data-ultimate-target='#list-icon-wrap-8432 .uavc-list-desc'  data-responsive-json-new='{\"font-size\":\"\",\"line-height\":\"\"}'  class=\"uavc-list-desc ult-responsive\" style=\"\"><strong>Portversorgung<\/strong><\/p>\n<p>Unsere Pflegefachkr\u00e4fte sind f\u00fcr die Versorgung von Port-Patienten bef\u00e4higt. Sie werden durch Fort- und Weiterbildungen auf dem neuesten Wissensstand gehalten und k\u00f6nnen eine qualifizierte Versorgung gew\u00e4hrleisten.<\/span><\/div><\/li><li><div class=\"uavc-list-content\" id=\"list-icon-wrap-5178\">\n<div class=\"uavc-list-icon  \" data-animation=\"\" data-animation-delay=\"03\" style=\"margin-right:10px;\"><div class=\"ult-just-icon-wrapper  \"><div class=\"align-icon\" style=\"text-align:center;\">\n<div class=\"aio-icon square \"  style=\"color:#81d742;background:#ffffff;font-size:20px;display:inline-block;\">\n\t<i class=\"Defaults-arrow-right\"><\/i>\n<\/div><\/div><\/div>\n<\/div><span  data-ultimate-target='#list-icon-wrap-5178 .uavc-list-desc'  data-responsive-json-new='{\"font-size\":\"\",\"line-height\":\"\"}'  class=\"uavc-list-desc ult-responsive\" style=\"\"><strong>Qualifizierte Wundversorgung<\/strong><\/p>\n<p>Die Wundversorgung vom dialektischen Fu\u00dfulkus wird bei uns von zwei Wundassistentinnen DDG nach den neuesten wissenschaftlichen und medizinischen Erkenntnissen sichergestellt.<\/span><\/div><\/li><\/ul><\/div>[\/vc_column][vc_column width=&#8221;1\/2&#8243;]<div id=\"ultimate-heading-795669f22ad5902a5\" class=\"uvc-heading ult-adjust-bottom-margin ultimate-heading-795669f22ad5902a5 uvc-7092 \" data-hspacer=\"no_spacer\"  data-halign=\"center\" style=\"text-align:center\"><div class=\"uvc-heading-spacer no_spacer\" style=\"top\"><\/div><div class=\"uvc-main-heading ult-responsive\"  data-ultimate-target='.uvc-heading.ultimate-heading-795669f22ad5902a5 h2'  data-responsive-json-new='{\"font-size\":\"desktop:15px;\",\"line-height\":\"\"}' ><h2 style=\"font-weight:normal;\">Im Rahmen der<\/h2><\/div><div class=\"uvc-sub-heading ult-responsive\"  data-ultimate-target='.uvc-heading.ultimate-heading-795669f22ad5902a5 .uvc-sub-heading '  data-responsive-json-new='{\"font-size\":\"desktop:25px;\",\"line-height\":\"\"}'  style=\"font-family:&#039;Alata&#039;;font-weight:normal;color:#5d91bf;\">PFLEGEVERSICHERUNG<\/div><\/div>[vc_separator color=&#8221;green&#8221; border_width=&#8221;2&#8243;][vc_column_text](oder als Privatleistung) leisten wir alle grundpflegerischen Ma\u00dfnahmen nach den Richtlinien der Pflegeversicherung:[\/vc_column_text]<div class=\"uavc-list-icon uavc-list-icon-wrapper ult-adjust-bottom-margin   \"><ul class=\"uavc-list\"><li><div class=\"uavc-list-content\" id=\"list-icon-wrap-6325\">\n<div class=\"uavc-list-icon  \" data-animation=\"\" data-animation-delay=\"03\" style=\"margin-right:10px;\"><div class=\"ult-just-icon-wrapper  \"><div class=\"align-icon\" style=\"text-align:center;\">\n<div class=\"aio-icon square \"  style=\"color:#81d742;background:#ffffff;font-size:20px;display:inline-block;\">\n\t<i class=\"Defaults-arrow-right\"><\/i>\n<\/div><\/div><\/div>\n<\/div><span  data-ultimate-target='#list-icon-wrap-6325 .uavc-list-desc'  data-responsive-json-new='{\"font-size\":\"\",\"line-height\":\"\"}'  class=\"uavc-list-desc ult-responsive\" style=\"\">Allgemeine K\u00f6rperpflege, Duschen, Baden<\/span><\/div><\/li><li><div class=\"uavc-list-content\" id=\"list-icon-wrap-7633\">\n<div class=\"uavc-list-icon  \" data-animation=\"\" data-animation-delay=\"03\" style=\"margin-right:10px;\"><div class=\"ult-just-icon-wrapper  \"><div class=\"align-icon\" style=\"text-align:center;\">\n<div class=\"aio-icon square \"  style=\"color:#81d742;background:#ffffff;font-size:20px;display:inline-block;\">\n\t<i class=\"Defaults-arrow-right\"><\/i>\n<\/div><\/div><\/div>\n<\/div><span  data-ultimate-target='#list-icon-wrap-7633 .uavc-list-desc'  data-responsive-json-new='{\"font-size\":\"\",\"line-height\":\"\"}'  class=\"uavc-list-desc ult-responsive\" style=\"\">Beratungsbesuch nach \u00a737.3 SGB XI bei Vorliegen eines Pflegegrades<\/span><\/div><\/li><li><div class=\"uavc-list-content\" id=\"list-icon-wrap-6820\">\n<div class=\"uavc-list-icon  \" data-animation=\"\" data-animation-delay=\"03\" style=\"margin-right:10px;\"><div class=\"ult-just-icon-wrapper  \"><div class=\"align-icon\" style=\"text-align:center;\">\n<div class=\"aio-icon square \"  style=\"color:#81d742;background:#ffffff;font-size:20px;display:inline-block;\">\n\t<i class=\"Defaults-arrow-right\"><\/i>\n<\/div><\/div><\/div>\n<\/div><span  data-ultimate-target='#list-icon-wrap-6820 .uavc-list-desc'  data-responsive-json-new='{\"font-size\":\"\",\"line-height\":\"\"}'  class=\"uavc-list-desc ult-responsive\" style=\"\">Betreuungsleistung nach \u00a745b SGB XI<\/span><\/div><\/li><li><div class=\"uavc-list-content\" id=\"list-icon-wrap-5407\">\n<div class=\"uavc-list-icon  \" data-animation=\"\" data-animation-delay=\"03\" style=\"margin-right:10px;\"><div class=\"ult-just-icon-wrapper  \"><div class=\"align-icon\" style=\"text-align:center;\">\n<div class=\"aio-icon square \"  style=\"color:#81d742;background:#ffffff;font-size:20px;display:inline-block;\">\n\t<i class=\"Defaults-arrow-right\"><\/i>\n<\/div><\/div><\/div>\n<\/div><span  data-ultimate-target='#list-icon-wrap-5407 .uavc-list-desc'  data-responsive-json-new='{\"font-size\":\"\",\"line-height\":\"\"}'  class=\"uavc-list-desc ult-responsive\" style=\"\">Betten und Lagern<\/span><\/div><\/li><li><div class=\"uavc-list-content\" id=\"list-icon-wrap-2678\">\n<div class=\"uavc-list-icon  \" data-animation=\"\" data-animation-delay=\"03\" style=\"margin-right:10px;\"><div class=\"ult-just-icon-wrapper  \"><div class=\"align-icon\" style=\"text-align:center;\">\n<div class=\"aio-icon square \"  style=\"color:#81d742;background:#ffffff;font-size:20px;display:inline-block;\">\n\t<i class=\"Defaults-arrow-right\"><\/i>\n<\/div><\/div><\/div>\n<\/div><span  data-ultimate-target='#list-icon-wrap-2678 .uavc-list-desc'  data-responsive-json-new='{\"font-size\":\"\",\"line-height\":\"\"}'  class=\"uavc-list-desc ult-responsive\" style=\"\">Erledigung von Eink\u00e4ufen<\/span><\/div><\/li><li><div class=\"uavc-list-content\" id=\"list-icon-wrap-3296\">\n<div class=\"uavc-list-icon  \" data-animation=\"\" data-animation-delay=\"03\" style=\"margin-right:10px;\"><div class=\"ult-just-icon-wrapper  \"><div class=\"align-icon\" style=\"text-align:center;\">\n<div class=\"aio-icon square \"  style=\"color:#81d742;background:#ffffff;font-size:20px;display:inline-block;\">\n\t<i class=\"Defaults-arrow-right\"><\/i>\n<\/div><\/div><\/div>\n<\/div><span  data-ultimate-target='#list-icon-wrap-3296 .uavc-list-desc'  data-responsive-json-new='{\"font-size\":\"\",\"line-height\":\"\"}'  class=\"uavc-list-desc ult-responsive\" style=\"\">Hauswirtschaftliche Versorgung<\/span><\/div><\/li><li><div class=\"uavc-list-content\" id=\"list-icon-wrap-7937\">\n<div class=\"uavc-list-icon  \" data-animation=\"\" data-animation-delay=\"03\" style=\"margin-right:10px;\"><div class=\"ult-just-icon-wrapper  \"><div class=\"align-icon\" style=\"text-align:center;\">\n<div class=\"aio-icon square \"  style=\"color:#81d742;background:#ffffff;font-size:20px;display:inline-block;\">\n\t<i class=\"Defaults-arrow-right\"><\/i>\n<\/div><\/div><\/div>\n<\/div><span  data-ultimate-target='#list-icon-wrap-7937 .uavc-list-desc'  data-responsive-json-new='{\"font-size\":\"\",\"line-height\":\"\"}'  class=\"uavc-list-desc ult-responsive\" style=\"\">Hilfe beim Toilettengang<\/span><\/div><\/li><li><div class=\"uavc-list-content\" id=\"list-icon-wrap-9233\">\n<div class=\"uavc-list-icon  \" data-animation=\"\" data-animation-delay=\"03\" style=\"margin-right:10px;\"><div class=\"ult-just-icon-wrapper  \"><div class=\"align-icon\" style=\"text-align:center;\">\n<div class=\"aio-icon square \"  style=\"color:#81d742;background:#ffffff;font-size:20px;display:inline-block;\">\n\t<i class=\"Defaults-arrow-right\"><\/i>\n<\/div><\/div><\/div>\n<\/div><span  data-ultimate-target='#list-icon-wrap-9233 .uavc-list-desc'  data-responsive-json-new='{\"font-size\":\"\",\"line-height\":\"\"}'  class=\"uavc-list-desc ult-responsive\" style=\"\">Zubereitung der Mahlzeiten<\/span><\/div><\/li><li><div class=\"uavc-list-content\" id=\"list-icon-wrap-2247\">\n<div class=\"uavc-list-icon  \" data-animation=\"\" data-animation-delay=\"03\" style=\"margin-right:10px;\"><div class=\"ult-just-icon-wrapper  \"><div class=\"align-icon\" style=\"text-align:center;\">\n<div class=\"aio-icon square \"  style=\"color:#81d742;background:#ffffff;font-size:20px;display:inline-block;\">\n\t<i class=\"Defaults-arrow-right\"><\/i>\n<\/div><\/div><\/div>\n<\/div><span  data-ultimate-target='#list-icon-wrap-2247 .uavc-list-desc'  data-responsive-json-new='{\"font-size\":\"\",\"line-height\":\"\"}'  class=\"uavc-list-desc ult-responsive\" style=\"\">Hilfe bei der Nahrungsaufnahme<\/span><\/div><\/li><li><div class=\"uavc-list-content\" id=\"list-icon-wrap-1175\">\n<div class=\"uavc-list-icon  \" data-animation=\"\" data-animation-delay=\"03\" style=\"margin-right:10px;\"><div class=\"ult-just-icon-wrapper  \"><div class=\"align-icon\" style=\"text-align:center;\">\n<div class=\"aio-icon square \"  style=\"color:#81d742;background:#ffffff;font-size:20px;display:inline-block;\">\n\t<i class=\"Defaults-arrow-right\"><\/i>\n<\/div><\/div><\/div>\n<\/div><span  data-ultimate-target='#list-icon-wrap-1175 .uavc-list-desc'  data-responsive-json-new='{\"font-size\":\"\",\"line-height\":\"\"}'  class=\"uavc-list-desc ult-responsive\" style=\"\">Mobilisation<\/span><\/div><\/li><li><div class=\"uavc-list-content\" id=\"list-icon-wrap-7191\">\n<div class=\"uavc-list-icon  \" data-animation=\"\" data-animation-delay=\"03\" style=\"margin-right:10px;\"><div class=\"ult-just-icon-wrapper  \"><div class=\"align-icon\" style=\"text-align:center;\">\n<div class=\"aio-icon square \"  style=\"color:#81d742;background:#ffffff;font-size:20px;display:inline-block;\">\n\t<i class=\"Defaults-arrow-right\"><\/i>\n<\/div><\/div><\/div>\n<\/div><span  data-ultimate-target='#list-icon-wrap-7191 .uavc-list-desc'  data-responsive-json-new='{\"font-size\":\"\",\"line-height\":\"\"}'  class=\"uavc-list-desc ult-responsive\" style=\"\">Pflegerische Betreuung<\/span><\/div><\/li><li><div class=\"uavc-list-content\" id=\"list-icon-wrap-6051\">\n<div class=\"uavc-list-icon  \" data-animation=\"\" data-animation-delay=\"03\" style=\"margin-right:10px;\"><div class=\"ult-just-icon-wrapper  \"><div class=\"align-icon\" style=\"text-align:center;\">\n<div class=\"aio-icon square \"  style=\"color:#81d742;background:#ffffff;font-size:20px;display:inline-block;\">\n\t<i class=\"Defaults-arrow-right\"><\/i>\n<\/div><\/div><\/div>\n<\/div><span  data-ultimate-target='#list-icon-wrap-6051 .uavc-list-desc'  data-responsive-json-new='{\"font-size\":\"\",\"line-height\":\"\"}'  class=\"uavc-list-desc ult-responsive\" style=\"\">Verhinderungspflege<\/span><\/div><\/li><li><div class=\"uavc-list-content\" id=\"list-icon-wrap-6808\">\n<div class=\"uavc-list-icon  \" data-animation=\"\" data-animation-delay=\"03\" style=\"margin-right:10px;\"><div class=\"ult-just-icon-wrapper  \"><div class=\"align-icon\" style=\"text-align:center;\">\n<div class=\"aio-icon square \"  style=\"color:#81d742;background:#ffffff;font-size:20px;display:inline-block;\">\n\t<i class=\"Defaults-arrow-right\"><\/i>\n<\/div><\/div><\/div>\n<\/div><span  data-ultimate-target='#list-icon-wrap-6808 .uavc-list-desc'  data-responsive-json-new='{\"font-size\":\"\",\"line-height\":\"\"}'  class=\"uavc-list-desc ult-responsive\" style=\"\">Versorgung von onkologischen Patienten<\/span><\/div><\/li><\/ul><\/div>[\/vc_column][\/vc_row]<\/p>\n","protected":false},"excerpt":{"rendered":"<p>[vc_row css=&#8221;.vc_custom_1635240900233{border-bottom-width: 30px !important;}&#8221;][vc_column][\/vc_column][\/vc_row][vc_row][vc_column width=&#8221;1\/2&#8243;][vc_separator color=&#8221;green&#8221; border_width=&#8221;2&#8243;][vc_column_text]leisten wir alle Ma\u00dfnahmen der Behandlungspflege, die vom Hausarzt im h\u00e4uslichen Umfeld verordnet werden:[\/vc_column_text][vc_separator&nbsp;<a href=\"https:\/\/www.volker-krause-kg.de\/online\/leistungen\/\">&hellip;<\/a><\/p>\n","protected":false},"author":1,"featured_media":0,"parent":0,"menu_order":0,"comment_status":"closed","ping_status":"closed","template":"template-home.php","meta":{"footnotes":""},"class_list":["post-158","page","type-page","status-publish","hentry","odd"],"_links":{"self":[{"href":"https:\/\/www.volker-krause-kg.de\/online\/wp-json\/wp\/v2\/pages\/158","targetHints":{"allow":["GET"]}}],"collection":[{"href":"https:\/\/www.volker-krause-kg.de\/online\/wp-json\/wp\/v2\/pages"}],"about":[{"href":"https:\/\/www.volker-krause-kg.de\/online\/wp-json\/wp\/v2\/types\/page"}],"author":[{"embeddable":true,"href":"https:\/\/www.volker-krause-kg.de\/online\/wp-json\/wp\/v2\/users\/1"}],"replies":[{"embeddable":true,"href":"https:\/\/www.volker-krause-kg.de\/online\/wp-json\/wp\/v2\/comments?post=158"}],"version-history":[{"count":30,"href":"https:\/\/www.volker-krause-kg.de\/online\/wp-json\/wp\/v2\/pages\/158\/revisions"}],"predecessor-version":[{"id":271,"href":"https:\/\/www.volker-krause-kg.de\/online\/wp-json\/wp\/v2\/pages\/158\/revisions\/271"}],"wp:attachment":[{"href":"https:\/\/www.volker-krause-kg.de\/online\/wp-json\/wp\/v2\/media?parent=158"}],"curies":[{"name":"wp","href":"https:\/\/api.w.org\/{rel}","templated":true}]}}