{"id":50,"date":"2021-10-25T13:17:03","date_gmt":"2021-10-25T11:17:03","guid":{"rendered":"http:\/\/care.aislinthemes.com\/yoga\/?page_id=609"},"modified":"2022-04-01T09:13:21","modified_gmt":"2022-04-01T07:13:21","slug":"alltagsundbetreuungsservice","status":"publish","type":"page","link":"https:\/\/www.volker-krause-kg.de\/online\/alltagsundbetreuungsservice\/","title":{"rendered":"Alltags- und Betreuungsservice"},"content":{"rendered":"<p>[vc_row][vc_column]<div id=\"ultimate-heading-805569f229033dded\" class=\"uvc-heading ult-adjust-bottom-margin ultimate-heading-805569f229033dded uvc-2784 \" data-hspacer=\"no_spacer\"  data-halign=\"center\" style=\"text-align:center\"><div class=\"uvc-heading-spacer no_spacer\" style=\"top\"><\/div><div class=\"uvc-main-heading ult-responsive\"  data-ultimate-target='.uvc-heading.ultimate-heading-805569f229033dded h2'  data-responsive-json-new='{\"font-size\":\"\",\"line-height\":\"\"}' ><h2 style=\"font-weight:normal;\">Alltags- und Betreuungsservice<\/h2><\/div><\/div>[vc_column_text css=&#8221;.vc_custom_1648797146820{margin-top: 25px !important;}&#8221;]F\u00fcr zus\u00e4tzliche Betreuungs- und Entlastungsleistungen stellt die Pflegekasse jedem Pflegebed\u00fcrftigen ab Pflegegrad 1 derzeit einen Betrag von 125\u20ac monatlich zur Verf\u00fcgung. Unser &#8220;H\u00e4uslicher Alltags- und Betreuungsservice&#8221; steht daf\u00fcr mit zus\u00e4tzlichem Personal, neuen Ideen und individuellen Angeboten zur Verf\u00fcgung.<\/p>\n<p>Ob einmal im Monat, jede Woche oder t\u00e4glich, auf Ihre W\u00fcnsche zugeschnitten bieten wir Ihnen Leistungen wie z. B.[\/vc_column_text][\/vc_column][\/vc_row][vc_row][vc_column width=&#8221;2\/3&#8243;]<div class=\"uavc-list-icon uavc-list-icon-wrapper ult-adjust-bottom-margin   \"><ul class=\"uavc-list\"><li><div class=\"uavc-list-content\" id=\"list-icon-wrap-1677\">\n<div class=\"uavc-list-icon  \" data-animation=\"\" data-animation-delay=\"03\" style=\"margin-right:5px;\"><div class=\"ult-just-icon-wrapper  \"><div class=\"align-icon\" style=\"text-align:center;\">\n<div class=\"aio-icon none \"  style=\"color:#81d742;font-size:20px;display:inline-block;\">\n\t<i class=\"Defaults-check\"><\/i>\n<\/div><\/div><\/div>\n<\/div><span  data-ultimate-target='#list-icon-wrap-1677 .uavc-list-desc'  data-responsive-json-new='{\"font-size\":\"\",\"line-height\":\"\"}'  class=\"uavc-list-desc ult-responsive\" style=\"\">Begleitung bei Arztbesuchen, Eink\u00e4ufen, Spazierg\u00e4nge, Konzerten etc.<\/span><\/div><\/li><li><div class=\"uavc-list-content\" id=\"list-icon-wrap-1717\">\n<div class=\"uavc-list-icon  \" data-animation=\"\" data-animation-delay=\"03\" style=\"margin-right:5px;\"><div class=\"ult-just-icon-wrapper  \"><div class=\"align-icon\" style=\"text-align:center;\">\n<div class=\"aio-icon none \"  style=\"color:#81d742;font-size:20px;display:inline-block;\">\n\t<i class=\"Defaults-check\"><\/i>\n<\/div><\/div><\/div>\n<\/div><span  data-ultimate-target='#list-icon-wrap-1717 .uavc-list-desc'  data-responsive-json-new='{\"font-size\":\"\",\"line-height\":\"\"}'  class=\"uavc-list-desc ult-responsive\" style=\"\">Beratung und Unterst\u00fctzung bei Beh\u00f6rden, Schriftverkehr, etc.<\/span><\/div><\/li><li><div class=\"uavc-list-content\" id=\"list-icon-wrap-7639\">\n<div class=\"uavc-list-icon  \" data-animation=\"\" data-animation-delay=\"03\" style=\"margin-right:5px;\"><div class=\"ult-just-icon-wrapper  \"><div class=\"align-icon\" style=\"text-align:center;\">\n<div class=\"aio-icon none \"  style=\"color:#81d742;font-size:20px;display:inline-block;\">\n\t<i class=\"Defaults-check\"><\/i>\n<\/div><\/div><\/div>\n<\/div><span  data-ultimate-target='#list-icon-wrap-7639 .uavc-list-desc'  data-responsive-json-new='{\"font-size\":\"\",\"line-height\":\"\"}'  class=\"uavc-list-desc ult-responsive\" style=\"\">Familienentlastende Dienste<\/span><\/div><\/li><li><div class=\"uavc-list-content\" id=\"list-icon-wrap-2860\">\n<div class=\"uavc-list-icon  \" data-animation=\"\" data-animation-delay=\"03\" style=\"margin-right:5px;\"><div class=\"ult-just-icon-wrapper  \"><div class=\"align-icon\" style=\"text-align:center;\">\n<div class=\"aio-icon none \"  style=\"color:#81d742;font-size:20px;display:inline-block;\">\n\t<i class=\"Defaults-check\"><\/i>\n<\/div><\/div><\/div>\n<\/div><span  data-ultimate-target='#list-icon-wrap-2860 .uavc-list-desc'  data-responsive-json-new='{\"font-size\":\"\",\"line-height\":\"\"}'  class=\"uavc-list-desc ult-responsive\" style=\"\">Gartenarbeiten<\/span><\/div><\/li><li><div class=\"uavc-list-content\" id=\"list-icon-wrap-1699\">\n<div class=\"uavc-list-icon  \" data-animation=\"\" data-animation-delay=\"03\" style=\"margin-right:5px;\"><div class=\"ult-just-icon-wrapper  \"><div class=\"align-icon\" style=\"text-align:center;\">\n<div class=\"aio-icon none \"  style=\"color:#81d742;font-size:20px;display:inline-block;\">\n\t<i class=\"Defaults-check\"><\/i>\n<\/div><\/div><\/div>\n<\/div><span  data-ultimate-target='#list-icon-wrap-1699 .uavc-list-desc'  data-responsive-json-new='{\"font-size\":\"\",\"line-height\":\"\"}'  class=\"uavc-list-desc ult-responsive\" style=\"\">Ged\u00e4chtnistraining<\/span><\/div><\/li><li><div class=\"uavc-list-content\" id=\"list-icon-wrap-1447\">\n<div class=\"uavc-list-icon  \" data-animation=\"\" data-animation-delay=\"03\" style=\"margin-right:5px;\"><div class=\"ult-just-icon-wrapper  \"><div class=\"align-icon\" style=\"text-align:center;\">\n<div class=\"aio-icon none \"  style=\"color:#81d742;font-size:20px;display:inline-block;\">\n\t<i class=\"Defaults-check\"><\/i>\n<\/div><\/div><\/div>\n<\/div><span  data-ultimate-target='#list-icon-wrap-1447 .uavc-list-desc'  data-responsive-json-new='{\"font-size\":\"\",\"line-height\":\"\"}'  class=\"uavc-list-desc ult-responsive\" style=\"\">Gespr\u00e4che und Spiele zu Hause<\/span><\/div><\/li><li><div class=\"uavc-list-content\" id=\"list-icon-wrap-5273\">\n<div class=\"uavc-list-icon  \" data-animation=\"\" data-animation-delay=\"03\" style=\"margin-right:5px;\"><div class=\"ult-just-icon-wrapper  \"><div class=\"align-icon\" style=\"text-align:center;\">\n<div class=\"aio-icon none \"  style=\"color:#81d742;font-size:20px;display:inline-block;\">\n\t<i class=\"Defaults-check\"><\/i>\n<\/div><\/div><\/div>\n<\/div><span  data-ultimate-target='#list-icon-wrap-5273 .uavc-list-desc'  data-responsive-json-new='{\"font-size\":\"\",\"line-height\":\"\"}'  class=\"uavc-list-desc ult-responsive\" style=\"\">Hauswirtschaftliche Unterst\u00fctzung<\/span><\/div><\/li><li><div class=\"uavc-list-content\" id=\"list-icon-wrap-2256\">\n<div class=\"uavc-list-icon  \" data-animation=\"\" data-animation-delay=\"03\" style=\"margin-right:5px;\"><div class=\"ult-just-icon-wrapper  \"><div class=\"align-icon\" style=\"text-align:center;\">\n<div class=\"aio-icon none \"  style=\"color:#81d742;font-size:20px;display:inline-block;\">\n\t<i class=\"Defaults-check\"><\/i>\n<\/div><\/div><\/div>\n<\/div><span  data-ultimate-target='#list-icon-wrap-2256 .uavc-list-desc'  data-responsive-json-new='{\"font-size\":\"\",\"line-height\":\"\"}'  class=\"uavc-list-desc ult-responsive\" style=\"\">Stundenweise Betreuung (auch S\u00e4uglinge, Kleinkinder, Teenager) bei Abwesenheit der Pflegeperson<\/span><\/div><\/li><li><div class=\"uavc-list-content\" id=\"list-icon-wrap-2647\">\n<div class=\"uavc-list-icon  \" data-animation=\"\" data-animation-delay=\"03\" style=\"margin-right:5px;\"><div class=\"ult-just-icon-wrapper  \"><div class=\"align-icon\" style=\"text-align:center;\">\n<div class=\"aio-icon none \"  style=\"color:#81d742;font-size:20px;display:inline-block;\">\n\t<i class=\"Defaults-check\"><\/i>\n<\/div><\/div><\/div>\n<\/div><span  data-ultimate-target='#list-icon-wrap-2647 .uavc-list-desc'  data-responsive-json-new='{\"font-size\":\"\",\"line-height\":\"\"}'  class=\"uavc-list-desc ult-responsive\" style=\"\">Vorlesen<\/span><\/div><\/li><\/ul><\/div>[vc_separator][vc_column_text]<b>Wir sind Vertragspartner aller Pflege- und Krankenkassen.<\/b>[\/vc_column_text][\/vc_column][vc_column width=&#8221;1\/3&#8243;][vc_single_image image=&#8221;120&#8243; img_size=&#8221;large&#8221; alignment=&#8221;center&#8221; style=&#8221;vc_box_circle&#8221;][vc_column_text]<strong>Sie haben Interesse? Rufen Sie uns an, schreiben Sie uns eine E-Mail oder schauen Sie unverbindlich bei uns im B\u00fcro vorbei.<\/strong>[\/vc_column_text]<div class=\" ubtn-ctn-left \"><a class=\"ubtn-link ult-adjust-bottom-margin ubtn-left ubtn-normal \" href=\"https:\/\/www.volker-krause-kg.de\/online\/#contact\" title=\"Home\" ><button type=\"button\" id=\"ubtn-4912\"  class=\"ubtn ult-adjust-bottom-margin ult-responsive ubtn-normal ubtn-no-hover-bg  none  ubtn-sep-icon ubtn-sep-icon-left-push  ubtn-left   tooltip-69f229033e4df\"  data-hover=\"\" data-border-color=\"\" data-bg=\"#e0e0e0\" data-hover-bg=\"\" data-border-hover=\"\" data-shadow-hover=\"\" data-shadow-click=\"none\" data-shadow=\"\" data-shd-shadow=\"\"  data-ultimate-target='#ubtn-4912'  data-responsive-json-new='{\"font-size\":\"\",\"line-height\":\"\"}'  style=\"font-weight:normal;border:none;background: #e0e0e0;color: #000000;\"><span class=\"ubtn-data ubtn-icon\"><i class=\"Defaults-envelope-o\" style=\"font-size:32px;color:;\"><\/i><\/span><span class=\"ubtn-hover\" style=\"background-color:\"><\/span><span class=\"ubtn-data ubtn-text \" >Kontakt<\/span><\/button><\/a><\/div>[\/vc_column][\/vc_row][vc_row][vc_column][\/vc_column][\/vc_row]<\/p>\n","protected":false},"excerpt":{"rendered":"<p>[vc_row][vc_column][vc_column_text css=&#8221;.vc_custom_1648797146820{margin-top: 25px !important;}&#8221;]F\u00fcr zus\u00e4tzliche Betreuungs- und Entlastungsleistungen stellt die Pflegekasse jedem Pflegebed\u00fcrftigen ab Pflegegrad 1 derzeit einen Betrag von&nbsp;<a href=\"https:\/\/www.volker-krause-kg.de\/online\/alltagsundbetreuungsservice\/\">&hellip;<\/a><\/p>\n","protected":false},"author":1,"featured_media":0,"parent":0,"menu_order":0,"comment_status":"closed","ping_status":"closed","template":"template-home.php","meta":{"footnotes":""},"class_list":["post-50","page","type-page","status-publish","hentry","odd"],"_links":{"self":[{"href":"https:\/\/www.volker-krause-kg.de\/online\/wp-json\/wp\/v2\/pages\/50","targetHints":{"allow":["GET"]}}],"collection":[{"href":"https:\/\/www.volker-krause-kg.de\/online\/wp-json\/wp\/v2\/pages"}],"about":[{"href":"https:\/\/www.volker-krause-kg.de\/online\/wp-json\/wp\/v2\/types\/page"}],"author":[{"embeddable":true,"href":"https:\/\/www.volker-krause-kg.de\/online\/wp-json\/wp\/v2\/users\/1"}],"replies":[{"embeddable":true,"href":"https:\/\/www.volker-krause-kg.de\/online\/wp-json\/wp\/v2\/comments?post=50"}],"version-history":[{"count":8,"href":"https:\/\/www.volker-krause-kg.de\/online\/wp-json\/wp\/v2\/pages\/50\/revisions"}],"predecessor-version":[{"id":373,"href":"https:\/\/www.volker-krause-kg.de\/online\/wp-json\/wp\/v2\/pages\/50\/revisions\/373"}],"wp:attachment":[{"href":"https:\/\/www.volker-krause-kg.de\/online\/wp-json\/wp\/v2\/media?parent=50"}],"curies":[{"name":"wp","href":"https:\/\/api.w.org\/{rel}","templated":true}]}}